{"id":810,"date":"2026-02-02T07:34:22","date_gmt":"2026-02-02T07:34:22","guid":{"rendered":"https:\/\/new.hapto.ch\/?page_id=810"},"modified":"2026-03-12T16:23:39","modified_gmt":"2026-03-12T16:23:39","slug":"ausbildung","status":"publish","type":"page","link":"https:\/\/new.hapto.ch\/de\/ausbildung\/","title":{"rendered":"Ausbildung"},"content":{"rendered":"<p>[et_pb_section fb_built=&#8221;1&#8243; custom_padding_last_edited=&#8221;on|phone&#8221; _builder_version=&#8221;4.27.4&#8243; _module_preset=&#8221;default&#8221; use_background_color_gradient=&#8221;on&#8221; background_color_gradient_direction=&#8221;1deg&#8221; background_color_gradient_stops=&#8221;rgba(10,0,0,0.6) 0%|rgba(10,1,1,0.12) 90%&#8221; background_color_gradient_overlays_image=&#8221;on&#8221; background_image=&#8221;https:\/\/new.hapto.ch\/wp-content\/uploads\/2025\/10\/landscape-scaled-1.jpg&#8221; custom_padding=&#8221;200px||||false|false&#8221; custom_padding_tablet=&#8221;100px||||false|false&#8221; custom_padding_phone=&#8221;100px||||false|false&#8221; locked=&#8221;off&#8221; global_colors_info=&#8221;{}&#8221;][et_pb_row _builder_version=&#8221;4.27.4&#8243; _module_preset=&#8221;default&#8221; global_colors_info=&#8221;{}&#8221;][et_pb_column type=&#8221;4_4&#8243; _builder_version=&#8221;4.27.4&#8243; _module_preset=&#8221;default&#8221; global_colors_info=&#8221;{}&#8221;][et_pb_text _builder_version=&#8221;4.27.5&#8243; _module_preset=&#8221;default&#8221; text_text_color=&#8221;#FFFFFF&#8221; header_text_color=&#8221;#FFFFFF&#8221; global_colors_info=&#8221;{}&#8221;]<\/p>\n<h1>Haptonomie Ausbildung\u00a0<\/h1>\n<p>[\/et_pb_text][\/et_pb_column][\/et_pb_row][\/et_pb_section][et_pb_section fb_built=&#8221;1&#8243; custom_padding_last_edited=&#8221;on|phone&#8221; _builder_version=&#8221;4.27.4&#8243; _module_preset=&#8221;default&#8221; custom_padding=&#8221;||||false|false&#8221; custom_padding_tablet=&#8221;||||false|false&#8221; custom_padding_phone=&#8221;||||false|false&#8221; global_colors_info=&#8221;{}&#8221;][et_pb_row _builder_version=&#8221;4.27.4&#8243; _module_preset=&#8221;default&#8221; global_colors_info=&#8221;{}&#8221;][et_pb_column type=&#8221;4_4&#8243; _builder_version=&#8221;4.27.4&#8243; _module_preset=&#8221;default&#8221; global_colors_info=&#8221;{}&#8221;][et_pb_text _builder_version=&#8221;4.27.5&#8243; _module_preset=&#8221;default&#8221; text_font_size=&#8221;24px&#8221; custom_padding=&#8221;||||false|false&#8221; global_colors_info=&#8221;{}&#8221;]<\/p>\n<p>Um eine Ausbildung in Haptonomie zu absolvieren, muss man zun\u00e4chst Fachkraft im Gesundheits-, Sozial- oder Bildungswesen sein.<\/p>\n<p>Die Ausbildungst\u00e4tte ist der CIRDH-FV in Paris. Alle Ausbildungen werden zur Zeit ausschliesslich in franz\u00f6sischer Sprache angeboten.\u00a0<\/p>\n<p>[\/et_pb_text][et_pb_image src=&#8221;https:\/\/new.hapto.ch\/wp-content\/uploads\/2025\/10\/SEFORMER.png&#8221; alt=&#8221;SE-FORMER&#8221; title_text=&#8221;SE-FORMER&#8221; align=&#8221;center&#8221; _builder_version=&#8221;4.27.5&#8243; _module_preset=&#8221;default&#8221; global_colors_info=&#8221;{}&#8221;][\/et_pb_image][et_pb_text _builder_version=&#8221;4.27.5&#8243; _module_preset=&#8221;default&#8221; text_font_size=&#8221;24px&#8221; custom_padding=&#8221;60px||11px||false|false&#8221; custom_padding_tablet=&#8221;60px||||false|false&#8221; custom_padding_phone=&#8221;60px||||false|false&#8221; custom_padding_last_edited=&#8221;on|phone&#8221; global_colors_info=&#8221;{}&#8221;]<\/p>\n<p style=\"text-align: center;\">Die Ausbildungen finden ausschliesslich im CIRDH &#8211; Frans Veldman in Paris statt.<\/p>\n<p>[\/et_pb_text][et_pb_button button_url=&#8221;https:\/\/haptonomie.org\/formations\/&#8221; url_new_window=&#8221;on&#8221; button_text=&#8221;Ausbildungen am CIRDH-FV&#8221; button_alignment=&#8221;center&#8221; _builder_version=&#8221;4.27.5&#8243; _module_preset=&#8221;default&#8221; custom_button=&#8221;on&#8221; button_text_size=&#8221;20px&#8221; button_bg_color=&#8221;#31833d&#8221; button_border_width=&#8221;0px&#8221; button_border_radius=&#8221;20px&#8221; background_layout=&#8221;dark&#8221; hover_enabled=&#8221;0&#8243; global_colors_info=&#8221;{}&#8221; button_bg_enable_color=&#8221;on&#8221; sticky_enabled=&#8221;0&#8243; button_font=&#8221;Work Sans|500|||||||&#8221; button_use_icon=&#8221;off&#8221; custom_padding=&#8221;20px|30px|20px|30px|false|false&#8221; box_shadow_style=&#8221;preset1&#8243; box_shadow_blur=&#8221;10px&#8221;][\/et_pb_button][et_pb_text _builder_version=&#8221;4.27.5&#8243; _module_preset=&#8221;default&#8221; text_font_size=&#8221;24px&#8221; custom_padding_tablet=&#8221;60px||||false|false&#8221; custom_padding_phone=&#8221;60px||||false|false&#8221; custom_padding_last_edited=&#8221;on|phone&#8221; global_colors_info=&#8221;{}&#8221;]<\/p>\n<p style=\"text-align: center;\"><span>F\u00fcr weitere Informationen wenden Sie sich bitte an Evelyne D\u00e9vaud: <\/span><a href=\"mailto:formation@hapto.ch\" data-ik-opengraph-status=\"anchor\" title=\"mailto:formation@hapto.ch\">formation@hapto.ch<\/a><span>\u00a0<\/span><\/p>\n<p>[\/et_pb_text][\/et_pb_column][\/et_pb_row][\/et_pb_section]<\/p>\n","protected":false},"excerpt":{"rendered":"<p>Haptonomie Ausbildung\u00a0Um eine Ausbildung in Haptonomie zu absolvieren, muss man zun\u00e4chst Fachkraft im Gesundheits-, Sozial- oder Bildungswesen sein. Die Ausbildungst\u00e4tte ist der CIRDH-FV in Paris. Alle Ausbildungen werden zur Zeit ausschliesslich in franz\u00f6sischer Sprache angeboten.\u00a0Die Ausbildungen finden ausschliesslich im CIRDH &#8211; Frans Veldman in Paris statt.F\u00fcr weitere Informationen wenden Sie sich bitte an Evelyne D\u00e9vaud: [&hellip;]<\/p>\n","protected":false},"author":1,"featured_media":0,"parent":0,"menu_order":0,"comment_status":"closed","ping_status":"closed","template":"","meta":{"_et_pb_use_builder":"on","_et_pb_old_content":"","_et_gb_content_width":"","footnotes":""},"class_list":["post-810","page","type-page","status-publish","hentry"],"_links":{"self":[{"href":"https:\/\/new.hapto.ch\/de\/wp-json\/wp\/v2\/pages\/810","targetHints":{"allow":["GET"]}}],"collection":[{"href":"https:\/\/new.hapto.ch\/de\/wp-json\/wp\/v2\/pages"}],"about":[{"href":"https:\/\/new.hapto.ch\/de\/wp-json\/wp\/v2\/types\/page"}],"author":[{"embeddable":true,"href":"https:\/\/new.hapto.ch\/de\/wp-json\/wp\/v2\/users\/1"}],"replies":[{"embeddable":true,"href":"https:\/\/new.hapto.ch\/de\/wp-json\/wp\/v2\/comments?post=810"}],"version-history":[{"count":14,"href":"https:\/\/new.hapto.ch\/de\/wp-json\/wp\/v2\/pages\/810\/revisions"}],"predecessor-version":[{"id":1077,"href":"https:\/\/new.hapto.ch\/de\/wp-json\/wp\/v2\/pages\/810\/revisions\/1077"}],"wp:attachment":[{"href":"https:\/\/new.hapto.ch\/de\/wp-json\/wp\/v2\/media?parent=810"}],"curies":[{"name":"wp","href":"https:\/\/api.w.org\/{rel}","templated":true}]}}