{"id":609,"date":"2025-09-05T06:58:43","date_gmt":"2025-09-05T06:58:43","guid":{"rendered":"https:\/\/new.hapto.ch\/ehrenmitglieder\/"},"modified":"2026-03-16T07:34:13","modified_gmt":"2026-03-16T07:34:13","slug":"ehrenmitglieder","status":"publish","type":"page","link":"https:\/\/new.hapto.ch\/de\/ehrenmitglieder\/","title":{"rendered":"Ehrenmitglieder"},"content":{"rendered":"<p>[et_pb_section fb_built=&#8221;1&#8243; custom_padding_last_edited=&#8221;on|phone&#8221; _builder_version=&#8221;4.27.4&#8243; _module_preset=&#8221;default&#8221; use_background_color_gradient=&#8221;on&#8221; background_color_gradient_direction=&#8221;1deg&#8221; background_color_gradient_stops=&#8221;rgba(10,0,0,0.6) 0%|rgba(10,1,1,0.12) 90%&#8221; background_color_gradient_overlays_image=&#8221;on&#8221; background_image=&#8221;https:\/\/new.hapto.ch\/wp-content\/uploads\/2025\/11\/landscape-scaled-1.jpg&#8221; custom_padding=&#8221;200px||||false|false&#8221; custom_padding_tablet=&#8221;100px||||false|false&#8221; custom_padding_phone=&#8221;100px||||false|false&#8221; locked=&#8221;off&#8221; global_colors_info=&#8221;{}&#8221; theme_builder_area=&#8221;post_content&#8221;][et_pb_row _builder_version=&#8221;4.27.4&#8243; _module_preset=&#8221;default&#8221; global_colors_info=&#8221;{}&#8221; theme_builder_area=&#8221;post_content&#8221;][et_pb_column type=&#8221;4_4&#8243; _builder_version=&#8221;4.27.4&#8243; _module_preset=&#8221;default&#8221; global_colors_info=&#8221;{}&#8221; theme_builder_area=&#8221;post_content&#8221;][et_pb_text _builder_version=&#8221;4.27.5&#8243; _module_preset=&#8221;default&#8221; text_text_color=&#8221;#FFFFFF&#8221; header_text_color=&#8221;#FFFFFF&#8221; hover_enabled=&#8221;0&#8243; global_colors_info=&#8221;{}&#8221; theme_builder_area=&#8221;post_content&#8221; sticky_enabled=&#8221;0&#8243;]<\/p>\n<h1>Ehrenmitglieder<\/h1>\n<p>[\/et_pb_text][\/et_pb_column][\/et_pb_row][\/et_pb_section][et_pb_section fb_built=&#8221;1&#8243; custom_padding_last_edited=&#8221;on|tablet&#8221; _builder_version=&#8221;4.27.4&#8243; _module_preset=&#8221;default&#8221; custom_padding=&#8221;200px||||false|false&#8221; custom_padding_tablet=&#8221;100px||||false|false&#8221; custom_padding_phone=&#8221;100px||||false|false&#8221; global_colors_info=&#8221;{}&#8221;][et_pb_row _builder_version=&#8221;4.27.4&#8243; _module_preset=&#8221;default&#8221; global_colors_info=&#8221;{}&#8221;][et_pb_column type=&#8221;4_4&#8243; _builder_version=&#8221;4.27.4&#8243; _module_preset=&#8221;default&#8221; global_colors_info=&#8221;{}&#8221;][et_pb_text _builder_version=&#8221;4.27.4&#8243; _module_preset=&#8221;default&#8221; text_font_size=&#8221;18px&#8221; global_colors_info=&#8221;{}&#8221;]<\/p>\n<h2><strong>Marc Pierrehumbert \u2013 Ehrenpr\u00e4sident<\/strong><\/h2>\n<p>Erster Pr\u00e4sident des SVH f\u00fcr \u00fcber 15 Jahre.<\/p>\n<p>Als Gr\u00fcndungsmitglied des Verbandes hat er sich f\u00fcr die Vermittlung und Entwicklung der Haptonomie in der Schweiz eingesetzt.<\/p>\n<p>In den 2000er Jahren wurden Marc Pierrehumbert (Arzt) und Anne-Marie Mettraux-Berthelin (Hebamme) von Frans Veldman beauftragte, in der Schweiz einen Verband f\u00fcr in Haptonomie ausgebildeten Fachpersonen zu gr\u00fcnden.<\/p>\n<p>An der Generalversammlung vom 14. September 2021 ist Marc Pierrehumbert als Pr\u00e4sident zur\u00fcckgetreten und wurde einstimmig zum ersten Ehrenmitglied des SVH gew\u00e4hlt.<\/p>\n<p>Wir freuen uns sehr und sch\u00e4tzen uns gl\u00fccklich, noch lange von seiner Erfahrung profitieren zu d\u00fcrfen.<\/p>\n<p>[\/et_pb_text][\/et_pb_column][\/et_pb_row][\/et_pb_section]<\/p>\n","protected":false},"excerpt":{"rendered":"<p>EhrenmitgliederMarc Pierrehumbert \u2013 Ehrenpr\u00e4sident Erster Pr\u00e4sident des SVH f\u00fcr \u00fcber 15 Jahre. Als Gr\u00fcndungsmitglied des Verbandes hat er sich f\u00fcr die Vermittlung und Entwicklung der Haptonomie in der Schweiz eingesetzt. In den 2000er Jahren wurden Marc Pierrehumbert (Arzt) und Anne-Marie Mettraux-Berthelin (Hebamme) von Frans Veldman beauftragte, in der Schweiz einen Verband f\u00fcr in Haptonomie ausgebildeten [&hellip;]<\/p>\n","protected":false},"author":1,"featured_media":0,"parent":0,"menu_order":0,"comment_status":"closed","ping_status":"closed","template":"","meta":{"_et_pb_use_builder":"on","_et_pb_old_content":"","_et_gb_content_width":"","footnotes":""},"class_list":["post-609","page","type-page","status-publish","hentry"],"_links":{"self":[{"href":"https:\/\/new.hapto.ch\/de\/wp-json\/wp\/v2\/pages\/609","targetHints":{"allow":["GET"]}}],"collection":[{"href":"https:\/\/new.hapto.ch\/de\/wp-json\/wp\/v2\/pages"}],"about":[{"href":"https:\/\/new.hapto.ch\/de\/wp-json\/wp\/v2\/types\/page"}],"author":[{"embeddable":true,"href":"https:\/\/new.hapto.ch\/de\/wp-json\/wp\/v2\/users\/1"}],"replies":[{"embeddable":true,"href":"https:\/\/new.hapto.ch\/de\/wp-json\/wp\/v2\/comments?post=609"}],"version-history":[{"count":7,"href":"https:\/\/new.hapto.ch\/de\/wp-json\/wp\/v2\/pages\/609\/revisions"}],"predecessor-version":[{"id":1142,"href":"https:\/\/new.hapto.ch\/de\/wp-json\/wp\/v2\/pages\/609\/revisions\/1142"}],"wp:attachment":[{"href":"https:\/\/new.hapto.ch\/de\/wp-json\/wp\/v2\/media?parent=609"}],"curies":[{"name":"wp","href":"https:\/\/api.w.org\/{rel}","templated":true}]}}