{"id":583,"date":"2025-09-05T06:58:24","date_gmt":"2025-09-05T06:58:24","guid":{"rendered":"https:\/\/new.hapto.ch\/unsere-praktiker\/"},"modified":"2026-02-23T19:04:40","modified_gmt":"2026-02-23T19:04:40","slug":"unsere-praktiker","status":"publish","type":"page","link":"https:\/\/new.hapto.ch\/de\/unsere-praktiker\/","title":{"rendered":"Unsere Praktizierenden"},"content":{"rendered":"<p>[et_pb_section fb_built=&#8221;1&#8243; custom_padding_last_edited=&#8221;on|phone&#8221; _builder_version=&#8221;4.27.4&#8243; _module_preset=&#8221;default&#8221; use_background_color_gradient=&#8221;on&#8221; background_color_gradient_direction=&#8221;1deg&#8221; background_color_gradient_stops=&#8221;rgba(10,0,0,0.6) 0%|rgba(10,1,1,0.12) 90%&#8221; background_color_gradient_overlays_image=&#8221;on&#8221; background_image=&#8221;https:\/\/new.hapto.ch\/wp-content\/uploads\/2025\/10\/landscape-scaled-1.jpg&#8221; custom_padding=&#8221;200px||||false|false&#8221; custom_padding_tablet=&#8221;100px||||false|false&#8221; custom_padding_phone=&#8221;100px||||false|false&#8221; locked=&#8221;off&#8221; global_colors_info=&#8221;{}&#8221;][et_pb_row _builder_version=&#8221;4.27.4&#8243; _module_preset=&#8221;default&#8221; global_colors_info=&#8221;{}&#8221;][et_pb_column type=&#8221;4_4&#8243; _builder_version=&#8221;4.27.4&#8243; _module_preset=&#8221;default&#8221; global_colors_info=&#8221;{}&#8221;][et_pb_text _builder_version=&#8221;4.27.5&#8243; _module_preset=&#8221;default&#8221; text_text_color=&#8221;#FFFFFF&#8221; header_text_color=&#8221;#FFFFFF&#8221; hover_enabled=&#8221;0&#8243; global_colors_info=&#8221;{}&#8221; sticky_enabled=&#8221;0&#8243;]<\/p>\n<h1>Unsere Praktizierenden<\/h1>\n<h2><span style=\"font-size: x-large; color: #ffffff;\">Gesundheitsfachleute, die Ihnen zuh\u00f6ren!<\/span><\/h2>\n<p><span style=\"font-size: x-large;\"><\/span><\/p>\n<p><span style=\"font-size: x-large;\">Unsere Mitglieder sind anerkannte Gesundheitsfachleute wie Hebamme, Psychologe, \u00c4rztin, Osteopath, Pflegefachfrau. Oder sie sind im p\u00e4dagogischen Bereich ausgebildet als Erzieher oder Lehrerin.<\/span><\/p>\n<p><span style=\"font-size: x-large;\"><\/span><\/p>\n<p><span style=\"font-size: x-large;\">Alle unsere Mitglieder wurde vom CIRDH-FV (Centre International de Recherche et de D\u00e9veloppement de l\u2019Haptonomie Frans Veldman) ausgebildet. Frans Veldman Senior (Frankreich) ist dessen Gr\u00fcnder und entwickelte die verschiedenen Gebiete, die die Haptonomie erforscht.<\/span><\/p>\n<p>[\/et_pb_text][\/et_pb_column][\/et_pb_row][\/et_pb_section][et_pb_section fb_built=&#8221;1&#8243; custom_padding_last_edited=&#8221;on|phone&#8221; _builder_version=&#8221;4.27.4&#8243; _module_preset=&#8221;default&#8221; custom_padding=&#8221;||||false|false&#8221; custom_padding_tablet=&#8221;||||false|false&#8221; custom_padding_phone=&#8221;||||false|false&#8221; global_colors_info=&#8221;{}&#8221;][et_pb_row _builder_version=&#8221;4.27.4&#8243; _module_preset=&#8221;default&#8221; global_colors_info=&#8221;{}&#8221;][et_pb_column type=&#8221;4_4&#8243; _builder_version=&#8221;4.27.4&#8243; _module_preset=&#8221;default&#8221; global_colors_info=&#8221;{}&#8221;][et_pb_code disabled_on=&#8221;off|off|off&#8221; _builder_version=&#8221;4.27.5&#8243; _module_preset=&#8221;default&#8221; locked=&#8221;off&#8221; global_colors_info=&#8221;{}&#8221;]\n<script type=\"text\/template\" id=\"tmpl-um-user-location-map-shortcode-marker-infowindow\">\n\n\t<div class=\"um_user_location_gmap_infowindow\">\n\t\t<div class=\"um_user_location_infowindow_avatar\">\n\t\t\t<a href=\"{{{data.userdata.profile_url}}}\" target=\"_blank\">{{{data.userdata.avatar}}}<\/a>\n\t\t<\/div>\n\t\t<div class=\"um_user_location_infowindow_content_wrapper\">\n\t\t\t<div class=\"um_user_location_infowindow_title\">\n\t\t\t\t{{{data.userdata.display_name}}}\n\t\t\t<\/div>\n\t\t\t<div class=\"um_user_location_infowindow_content\">\n\t\t\t\t<a href=\"{{{data.userdata.profile_url}}}\" class=\"um_user_location_infowindow_more_link\" target=\"_blank\">\n\t\t\t\t\tProfil anzeigen\t\t\t\t<\/a>\n\t\t\t<\/div>\n\t\t<\/div>\n\t<\/div>\n\n<\/script>\n\n<div class=\"um-member-map-shortcode um-user-location-hidden-map\"\n\t data-zoom=\"7\"\n\t data-lat=\"47\"\n\t data-lng=\"9\"\n\t data-sw=\"0\"\n\t data-ne=\"0\"\n\t data-field=\"localisation\"\n\t data-field_title=\"Localisation\"\n\t data-marker_type=\"classic\"\n\t style=\"height: 500px\"><\/div>[\/et_pb_code][et_pb_code _builder_version=&#8221;4.27.5&#8243; _module_preset=&#8221;default&#8221; global_colors_info=&#8221;{}&#8221;]<script type=\"text\/template\" id=\"tmpl-um-member-list-rc1fX\">\n\t<div class=\"um-members um-members-list\">\n\n\t\t<# if ( data.length > 0 ) { #>\n\t\t\t<# _.each( data, function( user, key, list ) { #>\n\n\t\t\t\t<div id=\"um-member-{{{user.card_anchor}}}-rc1fX\" class=\"um-member um-role-{{{user.role}}} {{{user.account_status}}} \">\n\t\t\t\t\t<span class=\"um-member-status {{{user.account_status}}}\">\n\t\t\t\t\t\t{{{user.account_status_name}}}\n\t\t\t\t\t<\/span>\n\t\t\t\t\t<div class=\"um-member-card-container\">\n\t\t\t\t\t\t\t\t\t\t\t\t\t<div class=\"um-member-photo radius-1\">\n\t\t\t\t\t\t\t\t<a href=\"{{{user.profile_url}}}\" title=\"<# if ( user.display_name ) { #>{{{user.display_name}}}<# } #>\">\n\t\t\t\t\t\t\t\t\t{{{user.avatar}}}\n\n\t\t\t\t\t\t\t\t\t\t\t\t\t\t\t\t\t<\/a>\n\t\t\t\t\t\t\t<\/div>\n\t\t\t\t\t\t\n\t\t\t\t\t\t<div class=\"um-member-card \">\n\t\t\t\t\t\t\t<div class=\"um-member-card-content\">\n\t\t\t\t\t\t\t\t<div class=\"um-member-card-header\">\n\t\t\t\t\t\t\t\t\t\t\t\t\t\t\t\t\t\t\t<# if ( user.display_name_html ) { #>\n\t\t\t\t\t\t\t\t\t\t\t<div class=\"um-member-name\">\n\t\t\t\t\t\t\t\t\t\t\t\t<a href=\"{{{user.profile_url}}}\" title=\"<# if ( user.display_name ) { #>{{{user.display_name}}}<# } #>\">\n\t\t\t\t\t\t\t\t\t\t\t\t\t{{{user.display_name_html}}}\n\t\t\t\t\t\t\t\t\t\t\t\t<\/a>\n\t\t\t\t\t\t\t\t\t\t\t<\/div>\n\t\t\t\t\t\t\t\t\t\t<# } #>\n\t\t\t\t\t\t\t\t\t\n\t\t\t\t\t\t\t\t\t{{{user.hook_just_after_name}}}\n\n\t\t\t\t\t\t\t\t\t\n\t\t\t\t\t\t\t\t\t{{{user.hook_after_user_name}}}\n\t\t\t\t\t\t\t\t<\/div>\n\n\t\t\t\t\t\t\t\t\n\t\t\t\t\t\t\t\t\t<# var $show_block = false; #>\n\n\t\t\t\t\t\t\t\t\t\n\t\t\t\t\t\t\t\t\t\t<# if ( typeof user['domains_specialisations'] !== 'undefined' ) {\n\t\t\t\t\t\t\t\t\t\t\t$show_block = true;\n\t\t\t\t\t\t\t\t\t\t} #>\n\t\t\t\t\t\t\t\t\t\n\t\t\t\t\t\t\t\t\t\t<# if ( typeof user['NPA'] !== 'undefined' ) {\n\t\t\t\t\t\t\t\t\t\t\t$show_block = true;\n\t\t\t\t\t\t\t\t\t\t} #>\n\t\t\t\t\t\t\t\t\t\n\t\t\t\t\t\t\t\t\t\t<# if ( typeof user['canton_pays'] !== 'undefined' ) {\n\t\t\t\t\t\t\t\t\t\t\t$show_block = true;\n\t\t\t\t\t\t\t\t\t\t} #>\n\t\t\t\t\t\t\t\t\t\n\t\t\t\t\t\t\t\t\t<# if ( $show_block ) { #>\n\t\t\t\t\t\t\t\t\t\t<div class=\"um-member-meta-main no-animate\">\n\n\t\t\t\t\t\t\t\t\t\t\t<div class=\"um-member-meta\">\n\t\t\t\t\t\t\t\t\t\t\t\t\n\t\t\t\t\t\t\t\t\t\t\t\t\t<# if ( typeof user['domains_specialisations'] !== 'undefined' ) { #>\n\t\t\t\t\t\t\t\t\t\t\t\t\t<div class=\"um-member-metaline um-member-metaline-domains_specialisations\">\n\t\t\t\t\t\t\t\t\t\t\t\t\t\t<strong>{{{user['label_domains_specialisations']}}}:<\/strong>&nbsp;{{{user['domains_specialisations']}}}\n\t\t\t\t\t\t\t\t\t\t\t\t\t<\/div>\n\t\t\t\t\t\t\t\t\t\t\t\t\t<# } #>\n\n\t\t\t\t\t\t\t\t\t\t\t\t\n\t\t\t\t\t\t\t\t\t\t\t\t\t<# if ( typeof user['NPA'] !== 'undefined' ) { #>\n\t\t\t\t\t\t\t\t\t\t\t\t\t<div class=\"um-member-metaline um-member-metaline-NPA\">\n\t\t\t\t\t\t\t\t\t\t\t\t\t\t<strong>{{{user['label_NPA']}}}:<\/strong>&nbsp;{{{user['NPA']}}}\n\t\t\t\t\t\t\t\t\t\t\t\t\t<\/div>\n\t\t\t\t\t\t\t\t\t\t\t\t\t<# } #>\n\n\t\t\t\t\t\t\t\t\t\t\t\t\n\t\t\t\t\t\t\t\t\t\t\t\t\t<# if ( typeof user['canton_pays'] !== 'undefined' ) { #>\n\t\t\t\t\t\t\t\t\t\t\t\t\t<div class=\"um-member-metaline um-member-metaline-canton_pays\">\n\t\t\t\t\t\t\t\t\t\t\t\t\t\t<strong>{{{user['label_canton_pays']}}}:<\/strong>&nbsp;{{{user['canton_pays']}}}\n\t\t\t\t\t\t\t\t\t\t\t\t\t<\/div>\n\t\t\t\t\t\t\t\t\t\t\t\t\t<# } #>\n\n\t\t\t\t\t\t\t\t\t\t\t\t\t\t\t\t\t\t\t\t\t\t\t<\/div>\n\t\t\t\t\t\t\t\t\t\t<\/div>\n\t\t\t\t\t\t\t\t\t<# } #>\n\t\t\t\t\t\t\t\t\t\t\t\t\t\t\t<\/div>\n\n\t\t\t\t\t\t\t<div class=\"um-member-card-actions\">\n\n\t\t\t\t\t\t\t\t<# if ( Object.keys( user.dropdown_actions ).length > 0 ) { #>\n\t\t\t\t\t\t\t\t\t<div class=\"um-member-cog\">\n\t\t\t\t\t\t\t\t\t\t<a href=\"javascript:void(0);\" class=\"um-member-actions-a\">\n\t\t\t\t\t\t\t\t\t\t\t<i class=\"um-faicon-cog\"><\/i>\n\t\t\t\t\t\t\t\t\t\t<\/a>\n\t\t\t\t\t\t\t\t\t\t\n\t\t\t<div class=\"um-new-dropdown\" data-element=\".um-member-cog\" data-trigger=\"click\" data-parent=\"\">\n\t\t\t\t<ul>\n\t\t\t\t\t<# _.each( user.dropdown_actions, function( action, key, list ) { #>\n\t\t\t\t\t\t<li><a href=\"<# if ( typeof action.url != 'undefined' ) { #>{{{action.url}}}<# } else { #>javascript:void(0);<# }#>\" class=\"{{{key}}}\">{{{action.title}}}<\/a><\/li>\n\t\t\t\t\t<# }); #>\n\t\t\t\t<\/ul>\n\t\t\t<\/div>\n\n\t\t\t\t\t\t\t\t\t\t\t\t<\/div>\n\t\t\t\t\t\t\t\t<# } #>\n\n\t\t\t\t\t\t\t<\/div>\n\n\t\t\t\t\t\t<\/div>\n\t\t\t\t\t<\/div>\n\t\t\t\t\t<div class=\"um-member-card-footer  \">\n\n\t\t\t\t\t\t<div class=\"um-member-card-footer-buttons\">\n\t\t\t\t\t\t\t\t\t\t\t\t\t<\/div>\n\n\t\t\t\t\t\t\t\t\t\t\t<\/div>\n\t\t\t\t<\/div>\n\n\t\t\t<# }); #>\n\t\t<# } else { #>\n\n\t\t\t<div class=\"um-members-none\">\n\t\t\t\t<p>Nous sommes d\u00e9sol\u00e9s. Nous ne pouvons pas trouver de compte qui r\u00e9pond \u00e0 vos crit\u00e8res de recherche.<\/p>\n\t\t\t<\/div>\n\n\t\t<# } #>\n\n\t<\/div>\n<\/script>\n\n\n<script type=\"text\/template\" id=\"tmpl-um-members-header\">\n\t<div class=\"um-members-intro\">\n\t\t<div class=\"um-members-total\">\n\t\t\t<# if ( data.pagination.total_users == 1 ) { #>\n\t\t\t\t{{{data.pagination.header_single}}}\n\t\t\t<# } else if ( data.pagination.total_users > 1 ) { #>\n\t\t\t\t{{{data.pagination.header}}}\n\t\t\t<# } #>\n\t\t<\/div>\n\t<\/div>\n\n\t<div class=\"um-clear\"><\/div>\n<\/script>\n\n\n<script type=\"text\/template\" id=\"tmpl-um-members-pagination\">\n\t<# if ( data.pagination.pages_to_show.length > 0 ) { #>\n\t\t<div class=\"um-members-pagidrop uimob340-show uimob500-show\">\n\t\t\tGehe zu Seite:\t\t\t<select class=\"um-s2 um-members-pagi-dropdown\" style=\"width: 100px;display:inline-block;\">\n\t\t\t\t<# _.each( data.pagination.pages_to_show, function( page, key, list ) { #>\n\t\t\t\t\t<option value=\"{{{page}}}\" <# if ( page == data.pagination.current_page ) { #>selected<# } #>>{{{page}}} von {{{data.pagination.total_pages}}}<\/option>\n\t\t\t\t<# }); #>\n\t\t\t<\/select>\n\t\t<\/div>\n\n\t\t<div class=\"um-members-pagi uimob340-hide uimob500-hide\">\n\t\t\t<span class=\"pagi pagi-arrow <# if ( data.pagination.current_page == 1 ) { #>disabled<# } #>\" data-page=\"first\" aria-label=\"Erste Seite\"><i class=\"um-faicon-angle-double-left\"><\/i><\/span>\n\t\t\t<span class=\"pagi pagi-arrow <# if ( data.pagination.current_page == 1 ) { #>disabled<# } #>\" data-page=\"prev\" aria-label=\"Vorherige Seite\"><i class=\"um-faicon-angle-left\"><\/i><\/span>\n\n\t\t\t<# _.each( data.pagination.pages_to_show, function( page, key, list ) { #>\n\t\t\t\t<span class=\"pagi <# if ( page == data.pagination.current_page ) { #>current<# } #>\" data-page=\"{{{page}}}\">{{{page}}}<\/span>\n\t\t\t<# }); #>\n\n\t\t\t<span class=\"pagi pagi-arrow <# if ( data.pagination.current_page == data.pagination.total_pages ) { #>disabled<# } #>\" data-page=\"next\" aria-label=\"N\u00e4chste Seite\"><i class=\"um-faicon-angle-right\"><\/i><\/span>\n\t\t\t<span class=\"pagi pagi-arrow <# if ( data.pagination.current_page == data.pagination.total_pages ) { #>disabled<# } #>\" data-page=\"last\" aria-label=\"Letzte Seite\"><i class=\"um-faicon-angle-double-right\"><\/i><\/span>\n\t\t<\/div>\n\t<# } #>\n<\/script>\n\n<div class=\"um um-directory um-rc1fX\"\n\t data-hash=\"rc1fX\" data-base-post=\"583\"\n\t data-must-search=\"0\" data-searched=\"1\"\n\t data-view_type=\"list\" data-page=\"1\"\n\t data-sorting=\"\">\n\t<div class=\"um-members-overlay\"><div class=\"um-ajax-loading\"><\/div><\/div>\n\n\t<div class=\"um-member-directory-header um-form\">\n\n\t\t\n\t\t\t\t\t<div class=\"um-member-directory-header-row um-member-directory-search-row\">\n\t\t\t\t<div class=\"um-member-directory-search-line\">\n\t\t\t\t\t<label>\n\t\t\t\t\t\t<span>Suchen:<\/span>\n\t\t\t\t\t\t<input type=\"search\" class=\"um-search-line\" placeholder=\"Suche\"  value=\"\" aria-label=\"Suche\" speech \/>\n\t\t\t\t\t<\/label>\n\t\t\t\t\t<input type=\"button\" class=\"um-do-search um-button\" value=\"Suche\" \/>\n\t\t\t\t<\/div>\n\t\t\t<\/div>\n\t\t\t\t\t\t<div class=\"um-member-directory-header-row\">\n\t\t\t\t<div class=\"um-member-directory-nav-line\">\n\t\t\t\t\t\t\t\t\t\t\t<span class=\"um-member-directory-filters\">\n\t\t\t\t\t\t\t<span class=\"um-member-directory-filters-a\">\n\t\t\t\t\t\t\t\t<a href=\"javascript:void(0);\">\n\t\t\t\t\t\t\t\t\tWeitere Filter\t\t\t\t\t\t\t\t<\/a>\n\t\t\t\t\t\t\t\t&nbsp;<i class=\"um-faicon-caret-down\"><\/i><i class=\"um-faicon-caret-up\"><\/i>\n\t\t\t\t\t\t\t<\/span>\n\t\t\t\t\t\t<\/span>\n\t\t\t\t\t\t\t\t\t<\/div>\n\t\t\t<\/div>\n\t\t\n\n\t\t\t\t\t\t<script type=\"text\/template\" id=\"tmpl-um-members-filtered-line\">\n\t\t\t\t\t<# if ( data.filters.length > 0 ) { #>\n\t\t\t\t\t\t<# _.each( data.filters, function( filter, key, list ) { #>\n\t\t\t\t\t\t\t<div class=\"um-members-filter-tag\">\n\t\t\t\t\t\t\t\t<# if ( filter.type == 'slider' ) { #>\n\t\t\t\t\t\t\t\t\t{{{filter.value_label}}}\n\t\t\t\t\t\t\t\t<# } else { #>\n\t\t\t\t\t\t\t\t\t<strong>{{{filter.label}}}<\/strong>: {{{filter.value_label}}}\n\t\t\t\t\t\t\t\t<# } #>\n\t\t\t\t\t\t\t\t<div class=\"um-members-filter-remove um-tip-n\" data-name=\"{{{filter.name}}}\"\n\t\t\t\t\t\t\t\t\t data-value=\"{{{filter.value}}}\" data-range=\"{{{filter.range}}}\"\n\t\t\t\t\t\t\t\t\t data-type=\"{{{filter.type}}}\" title=\"Filter entfernen\">&times;<\/div>\n\t\t\t\t\t\t\t<\/div>\n\t\t\t\t\t\t<# }); #>\n\t\t\t\t\t<# } #>\n\t\t\t\t<\/script>\n\n\t\t\t\t<div class=\"um-member-directory-header-row um-member-directory-filters-bar um-header-row-invisible\">\n\t\t\t\t\t<div class=\"um-search um-search-2 um-search-invisible\">\n\t\t\t\t\t\t\n\t\t\t\t\t\t\t<div class=\"um-search-filter um-select-filter-type \">\n\t\t\t\t\t\t\t\t\n\t\t\t\t\t<select class=\"um-s1\" id=\"canton_pays\" name=\"canton_pays\"\n\t\t\t\t\t\t\tdata-placeholder=\"Kanton \/ Land\"\n\t\t\t\t\t\t\taria-label=\"Kanton \/ Land\"\n\t\t\t\t\t\t\t\t\t\t\t\t\t>\n\n\t\t\t\t\t\t<option><\/option>\n\n\t\t\t\t\t\t\n\t\t\t\t\t\t\t\t<option value=\"BE\" data-value_label=\"BE\"\n\t\t\t\t\t\t\t\t\t>\n\t\t\t\t\t\t\t\t\tBE\t\t\t\t\t\t\t\t<\/option>\n\n\t\t\t\t\t\t\t\n\t\t\t\t\t\t\t\t<option value=\"NE\" data-value_label=\"NE\"\n\t\t\t\t\t\t\t\t\t>\n\t\t\t\t\t\t\t\t\tNE\t\t\t\t\t\t\t\t<\/option>\n\n\t\t\t\t\t\t\t\n\t\t\t\t\t\t\t\t<option value=\"VD\" data-value_label=\"VD\"\n\t\t\t\t\t\t\t\t\t>\n\t\t\t\t\t\t\t\t\tVD\t\t\t\t\t\t\t\t<\/option>\n\n\t\t\t\t\t\t\t\n\t\t\t\t\t\t\t\t<option value=\"ZH\" data-value_label=\"ZH\"\n\t\t\t\t\t\t\t\t\t>\n\t\t\t\t\t\t\t\t\tZH\t\t\t\t\t\t\t\t<\/option>\n\n\t\t\t\t\t\t\t\n\t\t\t\t\t<\/select>\n\n\t\t\t\t\t\t\t\t\t\t\t\t<\/div>\n\n\t\t\t\t\t\t\t\n\t\t\t\t\t\t\t<div class=\"um-search-filter um-select-filter-type um-search-filter-2\">\n\t\t\t\t\t\t\t\t\n\t\t\t\t\t<select class=\"um-s1\" id=\"domains_specialisations\" name=\"domains_specialisations\"\n\t\t\t\t\t\t\tdata-placeholder=\"Spezialisierungsbereiche\"\n\t\t\t\t\t\t\taria-label=\"Spezialisierungsbereiche\"\n\t\t\t\t\t\t\t\t\t\t\t\t\t>\n\n\t\t\t\t\t\t<option><\/option>\n\n\t\t\t\t\t\t\n\t\t\t\t\t\t\t\t<option value=\"Haptop\u00e9rinatalit\u00e9\" data-value_label=\"Haptop\u00e9rinatalit\u00e4t\"\n\t\t\t\t\t\t\t\t\t>\n\t\t\t\t\t\t\t\t\tHaptop\u00e9rinatalit\u00e4t\t\t\t\t\t\t\t\t<\/option>\n\n\t\t\t\t\t\t\t\n\t\t\t\t\t\t\t\t<option value=\"Hapto-obst\u00e9trique\" data-value_label=\"Hapto-Obstetrik\"\n\t\t\t\t\t\t\t\t\t>\n\t\t\t\t\t\t\t\t\tHapto-Obstetrik\t\t\t\t\t\t\t\t<\/option>\n\n\t\t\t\t\t\t\t\n\t\t\t\t\t\t\t\t<option value=\"Haptopu\u00e9riculture\" data-value_label=\"Haptop\u00e4diatrie\"\n\t\t\t\t\t\t\t\t\t>\n\t\t\t\t\t\t\t\t\tHaptop\u00e4diatrie\t\t\t\t\t\t\t\t<\/option>\n\n\t\t\t\t\t\t\t\n\t\t\t\t\t\t\t\t<option value=\"Haptop\u00e9dagogie\" data-value_label=\"Haptop\u00e4dagogik\"\n\t\t\t\t\t\t\t\t\t>\n\t\t\t\t\t\t\t\t\tHaptop\u00e4dagogik\t\t\t\t\t\t\t\t<\/option>\n\n\t\t\t\t\t\t\t\n\t\t\t\t\t<\/select>\n\n\t\t\t\t\t\t\t\t\t\t\t\t<\/div>\n\n\t\t\t\t\t\t\t\t\t\t\t\t<\/div>\n\t\t\t\t<\/div>\n\t\t\t\t<div class=\"um-member-directory-header-row\">\n\t\t\t\t\t<div class=\"um-filtered-line\">\n\t\t\t\t\t\t<div class=\"um-clear-filters\"><a href=\"javascript:void(0);\" class=\"um-clear-filters-a\" title=\"Alle Filter entfernen\">Alle entfernen<\/a><\/div>\n\t\t\t\t\t<\/div>\n\t\t\t\t<\/div>\n\t\t\t\t\t<\/div>\n\n\t<div class=\"um-members-wrapper\"><\/div>\n\n\t<div class=\"um-members-pagination-box\"><\/div>\n\n\t\n<\/div>\n[\/et_pb_code][\/et_pb_column][\/et_pb_row][\/et_pb_section]<\/p>\n","protected":false},"excerpt":{"rendered":"<p>Unsere Praktizierenden Gesundheitsfachleute, die Ihnen zuh\u00f6ren! Unsere Mitglieder sind anerkannte Gesundheitsfachleute wie Hebamme, Psychologe, \u00c4rztin, Osteopath, Pflegefachfrau. Oder sie sind im p\u00e4dagogischen Bereich ausgebildet als Erzieher oder Lehrerin. Alle unsere Mitglieder wurde vom CIRDH-FV (Centre International de Recherche et de D\u00e9veloppement de l\u2019Haptonomie Frans Veldman) ausgebildet. Frans Veldman Senior (Frankreich) ist dessen Gr\u00fcnder und entwickelte [&hellip;]<\/p>\n","protected":false},"author":1,"featured_media":0,"parent":0,"menu_order":0,"comment_status":"closed","ping_status":"closed","template":"","meta":{"_et_pb_use_builder":"on","_et_pb_old_content":"","_et_gb_content_width":"","footnotes":""},"class_list":["post-583","page","type-page","status-publish","hentry"],"_links":{"self":[{"href":"https:\/\/new.hapto.ch\/de\/wp-json\/wp\/v2\/pages\/583","targetHints":{"allow":["GET"]}}],"collection":[{"href":"https:\/\/new.hapto.ch\/de\/wp-json\/wp\/v2\/pages"}],"about":[{"href":"https:\/\/new.hapto.ch\/de\/wp-json\/wp\/v2\/types\/page"}],"author":[{"embeddable":true,"href":"https:\/\/new.hapto.ch\/de\/wp-json\/wp\/v2\/users\/1"}],"replies":[{"embeddable":true,"href":"https:\/\/new.hapto.ch\/de\/wp-json\/wp\/v2\/comments?post=583"}],"version-history":[{"count":8,"href":"https:\/\/new.hapto.ch\/de\/wp-json\/wp\/v2\/pages\/583\/revisions"}],"predecessor-version":[{"id":957,"href":"https:\/\/new.hapto.ch\/de\/wp-json\/wp\/v2\/pages\/583\/revisions\/957"}],"wp:attachment":[{"href":"https:\/\/new.hapto.ch\/de\/wp-json\/wp\/v2\/media?parent=583"}],"curies":[{"name":"wp","href":"https:\/\/api.w.org\/{rel}","templated":true}]}}